{"id":458,"date":"2021-10-12T10:39:45","date_gmt":"2021-10-12T13:39:45","guid":{"rendered":"https:\/\/cnhsuspensarj.com.br\/recurso\/?page_id=458"},"modified":"2023-03-15T15:32:30","modified_gmt":"2023-03-15T18:32:30","slug":"recorrer-recusa-de-bafometro","status":"publish","type":"page","link":"https:\/\/cnhsuspensarj.com.br\/recurso\/recorrer-recusa-de-bafometro\/","title":{"rendered":"Recorrer Recusa de Baf\u00f4metro"},"content":{"rendered":"<blockquote>\n<h2>Recusei fazer o Teste de Baf\u00f4metro na\u00a0 blitz Lei Seca.<br \/>\nE agora?<\/h2>\n<\/blockquote>\n<p><strong>Nossa dica \u00e9 uma s\u00f3:<\/strong><br \/>\n<strong>Recorra com especialistas e reverta sua situa\u00e7\u00e3o via recurso o mais r\u00e1pido poss\u00edvel.<\/strong><\/p>\n<h2><strong>Por que recorrer Multa Lei Seca?<\/strong><\/h2>\n<p><strong>&#8220;Se dirigir, n\u00e3o beba.&#8221;<\/strong><br \/>\n<strong>O slogan j\u00e1 \u00e9 conhecido por todos os motoristas.<\/strong><br \/>\n<strong>Mas a opera\u00e7\u00e3o Lei Seca ainda tem alto incide de apreens\u00f5es.<\/strong><\/p>\n<p><img loading=\"lazy\" decoding=\"async\" class=\"alignleft size-medium wp-image-520\" src=\"https:\/\/cnhsuspensarj.com.br\/recurso\/wp-content\/uploads\/2022\/06\/meso3-300x262.jpg\" alt=\"\" width=\"300\" height=\"262\" srcset=\"https:\/\/cnhsuspensarj.com.br\/recurso\/wp-content\/uploads\/2022\/06\/meso3-300x262.jpg 300w, https:\/\/cnhsuspensarj.com.br\/recurso\/wp-content\/uploads\/2022\/06\/meso3.jpg 406w\" sizes=\"auto, (max-width: 300px) 100vw, 300px\" \/>Talvez a maior parte dos motoristas ainda n\u00e3o tenham se familiarizado com as r\u00edgidas puni\u00e7\u00f5es para quem \u00e9 flagrado ao volante, apos ingerir qualquer quantidade de bebida.<br \/>\nA <strong>suspens\u00e3o da CNH<\/strong> por at\u00e9 12 meses \u00e9 uma delas, seguida de multas de alto valor e dor de cabe\u00e7a relacionada a processo no Detran, advindo da <strong>Lei Seca<\/strong>.<br \/>\n<strong>Ent\u00e3o fique atento, a regra \u00e9 clara: se beber, n\u00e3o dirija!<\/strong><\/p>\n<p><strong>E \u00e9 justamente nisto que nossa empresa pode ajuda-lo:<\/strong><\/p>\n<p>&#8211;\u00a0 Todo recurso tem 50% de chance de ser deferido, por isto vale a pena recorrer.<br \/>\n&#8211; Ao recorrer com empresa especialista, suas chances sao ainda maiores.<br \/>\n&#8211; Ao elaborar seu\u00a0 recurso visamos corrigir poss\u00edveis falhas, omiss\u00f5es ou mesmo injusti\u00e7as na sua autua\u00e7\u00e3o.<br \/>\n&#8211; Mesmo diante de um indeferimento inicial, nossa empresa interp\u00f5e seu recurso em todas as instancias, mantendo seu direito de dirigir habilitado at\u00e9 o ultimo recurso.<br \/>\n&#8211; N\u00e3o corra riscos: em caso de recusa de baf\u00f4metro e multa Lei Seca, recorra com especialistas.<br \/>\n&#8211; Uma boa defesa, embasada no C\u00f3digo de Transito Brasileiro e elaborada por t\u00e9cnicos experientes, faz toda a diferen\u00e7a!<br \/>\n&#8211; N\u00e3o use defesas prontas: sua defesa deve ser personalizada, embasada no c\u00f3digo e considerando seu caso espec\u00edfico.<\/p>\n<div class=\"su-spoiler su-spoiler-style-fancy su-spoiler-icon-arrow su-spoiler-closed\" data-scroll-offset=\"0\" data-anchor-in-url=\"no\"><div class=\"su-spoiler-title\" tabindex=\"0\" role=\"button\"><span class=\"su-spoiler-icon\"><\/span>Como recorrer da multa Lei Seca?<\/div><div class=\"su-spoiler-content su-u-clearfix su-u-trim\">\n<h2><strong>H\u00e1 chance real de ganhar o recurso?<\/strong><\/h2>\n<p>Sim. \u00c9 fato. Considere antes de mais nada que o pr\u00f3pria norma da Lei Seca RJ prev\u00ea o recurso, concedendo a todo cidad\u00e3o direito \u00e0 defesa ampla e com a <strong>Lei Seca<\/strong> isto n\u00e3o \u00e9 diferente.<br \/>\nPor que h\u00e1 esta previs\u00e3o de recurso na pr\u00f3pria lei?<\/p>\n<p>O condutor que sofre o processo de suspens\u00e3o da CNH seja por Lei Seca ou outro motivo, tem tr\u00eas inst\u00e2ncias distintas para pleitear revers\u00e3o da penalidade.<\/p>\n<ol>\n<li>Defesa Pr\u00e9via, antes do processo instaurado<\/li>\n<li>Recurso ap\u00f3s o Processo instaurado no Detran<\/li>\n<li>Recurso em inst\u00e2ncia superior do JARI<\/li>\n<li>Ultimo recurso na segunda inst\u00e2ncia CENTRAN<\/li>\n<\/ol>\n<ul>\n<li>Toda aplica\u00e7\u00e3o de multa pode conter falhas e omiss\u00f5es.<\/li>\n<li>Questionar e buscar corrigir estas falhas ou omiss\u00f5es \u00e9 um direito assegurado pelo pr\u00f3prio CTB.<\/li>\n<li>Al\u00e9m do mais, a identifica\u00e7\u00e3o de qualquer falhas na abordagem ou na conduta, \u00e9 capaz de reverter a multa.<\/li>\n<li>Outra vantagem \u00e9 que, durante o tempo do recurso, \u00e9 poss\u00edvel seguir dirigindo, s\u00f3 tendo que, efetivamente entregar a carteira quando esgotado o prazo do ultimo recurso (e isto caso seu recurso seja indeferido).<\/li>\n<\/ul>\n<p><strong>Nossa empresa \u00e9 especializada em processos de multa Lei Seca, atuando desde a Defesa Pr\u00e9via, rigorosamente dentro dos prazos.<\/strong><\/p>\n<\/div><\/div>\n<div class=\"su-spoiler su-spoiler-style-fancy su-spoiler-icon-arrow su-spoiler-closed\" data-scroll-offset=\"0\" data-anchor-in-url=\"no\"><div class=\"su-spoiler-title\" tabindex=\"0\" role=\"button\"><span class=\"su-spoiler-icon\"><\/span>Qual prazo para defesa pr\u00e9via?<\/div><div class=\"su-spoiler-content su-u-clearfix su-u-trim\">\n<h3><strong>Prazo para interpor defesa Pr\u00e9via Lei Seca<\/strong><\/h3>\n<p>Seu prazo come\u00e7a a contar a partir do momento da aplica\u00e7\u00e3o da multa, ap\u00f3s assinado o auto de infra\u00e7\u00e3o.<br \/>\nO prazo deve ser rigorosamente cumprido, sen\u00e3o sua defesa n\u00e3o \u00e9 reconhecida<br \/>\nEnvio e apresenta\u00e7\u00e3o de todos os documentos s\u00e3o necess\u00e1rio sob risco de invalidar sua defesa previa, com rejei\u00e7\u00e3o do recurso.<br \/>\nDeve ser acompanhado diariamente.<\/p>\n<p>Os prazos s\u00e3o contados <strong>a partir da data em que o motorista foi autuado.<\/strong><br \/>\nPortanto, n\u00e3o espere mais tempo para entrar com recurso imediato, recorra j\u00e1!<\/p>\n<p><strong>Nossa empresa \u00e9 especializada em assessoria de defesa pr\u00e9via, evitando que voce perca prazos ou recorra de modo errado.<br \/>\n<a href=\"https:\/\/cnhsuspensarj.com.br\/recurso\/contato\/\">Clique aqui, consulte-nos e pe\u00e7a nosso or\u00e7amento!<\/a><\/strong><\/p>\n<\/div><\/div>\n<div class=\"su-spoiler su-spoiler-style-fancy su-spoiler-icon-arrow su-spoiler-closed\" data-scroll-offset=\"0\" data-anchor-in-url=\"no\"><div class=\"su-spoiler-title\" tabindex=\"0\" role=\"button\"><span class=\"su-spoiler-icon\"><\/span>Qual o prazo da notifica\u00e7\u00e3o de penalidade?<\/div><div class=\"su-spoiler-content su-u-clearfix su-u-trim\">\n<p><strong>Prazo da Notifica\u00e7\u00e3o de Penalidade:<\/strong><\/p>\n<p>J\u00e1 ocorre na fase seguinte \u00e0 &#8220;Defesa Pr\u00e9via&#8221;, quando a mesma \u00e9 rejeitada ou se tem o prazo expirado sem apresenta\u00e7\u00e3o de defesa.<br \/>\nNesta etapa, o condutor receber\u00e1, em sua resid\u00eancia a &#8220;Notifica\u00e7\u00e3o de Penalidade&#8221;:<br \/>\n\u00c9 importante voc\u00ea ter ci\u00eancia de que,\u00a0 mesmo ap\u00f3s o recebimento da &#8220;Notifica\u00e7\u00e3o de penalidade&#8221;, ainda se poder\u00e1 interpor recurso.<\/p>\n<p><strong>Nossa empresa \u00e9 especializada em assessoria de recurso em processo de suspens\u00e3o de CNH, inclusive por Multa Lei Seca.<br \/>\n<a href=\"https:\/\/cnhsuspensarj.com.br\/recurso\/contato\/\">Clique aqui, consulte-nos e pe\u00e7a nosso or\u00e7amento!<\/a><\/strong><\/p>\n<\/div><\/div>\n<div class=\"su-spoiler su-spoiler-style-fancy su-spoiler-icon-arrow su-spoiler-closed\" data-scroll-offset=\"0\" data-anchor-in-url=\"no\"><div class=\"su-spoiler-title\" tabindex=\"0\" role=\"button\"><span class=\"su-spoiler-icon\"><\/span>Minha defesa no processo foi indeferida, posso recorrer?<\/div><div class=\"su-spoiler-content su-u-clearfix su-u-trim\">\n<p>Sim, voc\u00ea conta ainda com a <strong>1\u00aa Inst\u00e2ncia Recurso &#8211; JARI<\/strong><\/p>\n<p>Nesta fase, o seu Recurso de 1\u00aa Inst\u00e2ncia ir\u00e1 ser apreciado pela Junta Administrativa de Recursos de Infra\u00e7\u00e3o (JARI).<br \/>\nSer\u00e1 poss\u00edvel recorrer at\u00e9 o vencimento de pagamento da multa.<\/p>\n<p><strong>Nossa empresa \u00e9 especializada em assessoria de recurso em processo de suspens\u00e3o de CNH, inclusive por Multa Lei Seca.<br \/>\n<a href=\"https:\/\/cnhsuspensarj.com.br\/recurso\/contato\/\">Clique aqui e pe\u00e7a nosso or\u00e7amento!<\/a><\/strong><\/p>\n<\/div><\/div>\n<div class=\"su-spoiler su-spoiler-style-fancy su-spoiler-icon-arrow su-spoiler-closed\" data-scroll-offset=\"0\" data-anchor-in-url=\"no\"><div class=\"su-spoiler-title\" tabindex=\"0\" role=\"button\"><span class=\"su-spoiler-icon\"><\/span>Meu processo no JARI foi indeferido. Cabe mais recurso?<\/div><div class=\"su-spoiler-content su-u-clearfix su-u-trim\">\n<p><strong>Sim, voc\u00ea conta ainda com a 2\u00aa Inst\u00e2ncia\u00a0 que \u00e9 <\/strong><strong>Recurso interposto ao CETRAN<\/strong><\/p>\n<p>Caso indeferido o Recurso na 1\u00aa Inst\u00e2ncia, junto a JARI, o condutor poder\u00e1 ainda interpor o &#8220;Recurso de 2\u00aa Inst\u00e2ncia&#8221;, apreciado pelo Conselho Estadual de Tr\u00e2nsito (CETRAN), com novo prazo, a contar apos decisao da 1\u00b0 instancia.<\/p>\n<\/div><\/div>\n[\/su_note]\n<div class=\"su-note\"  style=\"border-color:#d8d8d8;border-radius:3px;-moz-border-radius:3px;-webkit-border-radius:3px;\"><div class=\"su-note-inner su-u-clearfix su-u-trim\" style=\"background-color:#F2F2F2;border-color:#ffffff;color:#333333;border-radius:3px;-moz-border-radius:3px;-webkit-border-radius:3px;\">\n<h2><strong>Sobre a Multa Lei Seca<\/strong><\/h2>\n<p><img loading=\"lazy\" decoding=\"async\" class=\"wp-image-519 size-medium alignleft\" src=\"https:\/\/cnhsuspensarj.com.br\/recurso\/wp-content\/uploads\/2022\/06\/meso2-300x262.jpg\" alt=\"Recorrer CNH Suspensa\" width=\"300\" height=\"262\" srcset=\"https:\/\/cnhsuspensarj.com.br\/recurso\/wp-content\/uploads\/2022\/06\/meso2-300x262.jpg 300w, https:\/\/cnhsuspensarj.com.br\/recurso\/wp-content\/uploads\/2022\/06\/meso2.jpg 406w\" sizes=\"auto, (max-width: 300px) 100vw, 300px\" \/>At\u00e9 uma d\u00e9cada atr\u00e1s, o Brasil, como alguns pa\u00edses da Europa, ainda tinha alguma toler\u00e2ncia com a quantidade de \u00e1lcool ingerida pelo condutor.<br \/>\nEm junho de 2008, entretanto passou a vigorar a Lei n\u00ba 11.705, tamb\u00e9m chamada de &#8220;<strong>Lei Seca&#8221;<\/strong>, com &#8220;toler\u00e2ncia zero&#8221; para quem dirige sob efeito de bebidas alco\u00f3licas (ou qualquer outra subst\u00e2ncia que diminua as capacidades psicomotoras do condutor).<br \/>\nPoucas pessoas sabem mas desde a sua implanta\u00e7\u00e3o, a <strong>Lei Seca<\/strong> j\u00e1 propiciou a redu\u00e7\u00e3o de mais de 14% no n\u00famero de mortes por acidentes de tr\u00e2nsito no Brasil.<\/p>\n<p><strong>O que mudou?<\/strong><\/p>\n<p>No Rio de Janeiro, passou-se a aplicar blitz praticamente di\u00e1rias, com uso ampliado de agentes e com a introdu\u00e7\u00e3o do uso do baf\u00f3metro, in loco, para detectar o uso do \u00e1lcool pelo condutor parado na blitz.<br \/>\nNenhuma quantidade de \u00e1lcool hoje \u00e9 permitida, j\u00e1 que o Art. 276 menciona:<br \/>\n&#8220;Qualquer concentra\u00e7\u00e3o de \u00e1lcool por litro de sangue ou por litro de ar alveolar sujeita o condutor \u00e0s penalidades previstas no art. 165.\u201d<\/p>\n<p>Evite o risco de ter sua <strong>CNH Suspensa<\/strong>: se dirigir, n\u00e3o beba.<br \/>\nSe for multado, <a href=\"https:\/\/cnhsuspensarj.com.br\/recurso\/contato\/\">clique aqui<\/a> e recorra com a mais experiente empresa de recursos Lei Seca do RJ<\/p>\n<div class=\"su-spoiler su-spoiler-style-fancy su-spoiler-icon-arrow su-spoiler-closed\" data-scroll-offset=\"0\" data-anchor-in-url=\"no\"><div class=\"su-spoiler-title\" tabindex=\"0\" role=\"button\"><span class=\"su-spoiler-icon\"><\/span>Saiba mais sobre a penalidade<\/div><div class=\"su-spoiler-content su-u-clearfix su-u-trim\">\n<h3><strong>Penalidade na Lei Seca<\/strong><\/h3>\n<p>As penas para quem ingere bebida alco\u00f3lica (ou outras subst\u00e2ncias que diminuam as capacidades psicomotoras) s\u00e3o as mais duras do CTB.<br \/>\nLogo, n\u00e3o \u00e9 dif\u00edcil imaginar que perder a <strong>CNH<\/strong> \u00e9 uma das penalidades previstas.<\/p>\n<p>O artigo 165 do C\u00f3digo de Tr\u00e2nsito prev\u00ea a suspens\u00e3o da <strong>CNH<\/strong> do condutor flagrado dirigindo sob efeito de bebidas ou outras subst\u00e2ncias il\u00edcitas, ele diz:<br \/>\n\u201cDirigir sob a influ\u00eancia de \u00e1lcool ou de qualquer outra subst\u00e2ncia psicoativa que determine depend\u00eancia:<br \/>\nInfra\u00e7\u00e3o &#8211; grav\u00edssima;<br \/>\nPenalidade &#8211; multa (dez vezes) e suspens\u00e3o do direito de dirigir por 12 (doze) meses.<br \/>\nMedida administrativa &#8211; recolhimento do documento de habilita\u00e7\u00e3o e reten\u00e7\u00e3o do ve\u00edculo, observado o disposto no \u00a7 4o do art. 270 da Lei no 9.503, de 23 de setembro de 1997 \u2013 do C\u00f3digo de Tr\u00e2nsito Brasileiro.<\/p>\n<p>Par\u00e1grafo \u00fanico. Aplica-se em dobro a multa prevista no caput em caso de reincid\u00eancia no per\u00edodo de at\u00e9 12 (doze) meses.\u201d<\/p>\n<p>O paragrafo \u00fanico merece toda aten\u00e7\u00e3o, pois \u00e9 de fato dur\u00edssimo ao tratar da reincid\u00eancia.<br \/>\nAlem de determinar o dobro de um valor, que pode ser considerado alto para os par\u00e2metros do pr\u00f3prio CTB, ele ainda duplica a puni\u00e7\u00e3o que prev\u00ea 12 meses de suspens\u00e3o.<br \/>\nLogo, a reincid\u00eancia da infra\u00e7\u00e3o na <strong>Lei Seca<\/strong>, conduz diretamente para a instaura\u00e7\u00e3o do processo administrativo de <strong>cassa\u00e7\u00e3o da CNH<\/strong>.<br \/>\nO caso de se ter a <strong>CNH<\/strong> suspensa, que j\u00e1 n\u00e3o e nada bom, pode aqui se transformar em um caso de perda definitiva da CNH.<\/p>\n<p>ou seja: ser pego na <strong>Lei Seca<\/strong> \u00a0j\u00e1 \u00e9 p\u00e9ssimo, pois leva \u00e0 suspens\u00e3o.<br \/>\nJ\u00e1 a Reincid\u00eancia \u00e9 ainda pior: leva direta a um processo de Cassa\u00e7\u00e3o da <strong>CNH<\/strong><br \/>\nLogo, repeitar o c\u00f3digo e n\u00e3o beber ao dirigir \u00e9 uma decis\u00e3o inteligente, que economizar\u00e1 recursos e dor de cabe\u00e7a!<\/p>\n<\/div><\/div>\n<div class=\"su-spoiler su-spoiler-style-fancy su-spoiler-icon-arrow su-spoiler-closed\" data-scroll-offset=\"0\" data-anchor-in-url=\"no\"><div class=\"su-spoiler-title\" tabindex=\"0\" role=\"button\"><span class=\"su-spoiler-icon\"><\/span>Sompre foi proibido ingerir alcool e dirigir?<\/div><div class=\"su-spoiler-content su-u-clearfix su-u-trim\">\n<h3><strong>Sempre foi proibido dirigir alcoolizado?<\/strong><\/h3>\n<p>Voc\u00ea sabia? A embriaguez ao volante, j\u00e1 era definida como crime antes da <strong>Lei Seca<\/strong>, com penalidades previstas para esta infra\u00e7\u00e3o.<br \/>\nA chamada <strong>Lei Seca<\/strong> s\u00f3 tornou mais rigorosa a penalidade, ampliando as blitz e popularizando o uso do baf\u00f4metro pelos agentes para comprovar, na pr\u00f3pria blitz, se o motorista est\u00e1 ou n\u00e3o sob o efeito de \u00e1lcool.<br \/>\nmensurando assim, na hora, se houve ingest\u00e3o de \u00e1lcool, j\u00e1 que nenhuma quantidade atualmente \u00e9 permitida.<br \/>\nHavendo detec\u00e7\u00e3o, o teste \u00e9 repetido dentro de alguns minutos para n\u00e3o deixar qualquer d\u00favida sobre a exist\u00eancia ou n\u00e3o de teor alco\u00f3lico.<br \/>\nCaso o pr\u00f3prio agente n\u00e3o proponha, o motorista para pedir para repetir o teste em espa\u00e7o de alguns minutos, afastando assim d\u00favidas sobre o baf\u00f4metro.<\/p>\n<p>Ainda \u00e9 facultado ao motorista n\u00e3o fazer o teste, utilizando para a recusa a pr\u00f3pria Constitui\u00e7\u00e3o Federal que reza, em suma que nenhum indiv\u00edduo pode ser obrigado a produzir prova contra si mesmo.<br \/>\nNeste caso, com a negativa do condutor, \u00e9 instaurado processo administrativo com medidas administrativas previstas no Art. 165 do CTB.<br \/>\nAs san\u00e7\u00f5es de leis de transito atingir\u00e3o igualmente quem faz o teste do baf\u00f4metro acusando ingest\u00e3o de bebida e quem se recusa a fazer o teste.<br \/>\nA diferen\u00e7a \u00e9 que sem usar o baf\u00f4metro, n\u00e3o e poss\u00edvel se detectar a quantidade, n\u00e3o havendo neste caso como enquadrar o condutor em crime de tr\u00e2nsito, que extrapola os limite de leis de transito.<\/p>\n<\/div><\/div>\n<\/div><\/div>\n<div class=\"su-note\"  style=\"border-color:#d8d8d8;border-radius:3px;-moz-border-radius:3px;-webkit-border-radius:3px;\"><div class=\"su-note-inner su-u-clearfix su-u-trim\" style=\"background-color:#F2F2F2;border-color:#ffffff;color:#333333;border-radius:3px;-moz-border-radius:3px;-webkit-border-radius:3px;\">\n<h2><strong>Dicas para uma boa defesa LEI SECA:<\/strong><\/h2>\n<p>Recorra com especialistas e <strong>aumente suas chances de deferimento em recurso de Multa Lei Seca<\/strong>: <a href=\"https:\/\/cnhsuspensarj.com.br\/recurso\/contato\/\"><strong>clique aqui<\/strong><\/a> e solicite or\u00e7amento.<br \/>\nNossas outras recomenda\u00e7\u00f5es s\u00e3o:<\/p>\n<p>&#8211; Todo recurso tem 50% de chance de ser deferido e deste modo corrigir poss\u00edveis falhas, omiss\u00f5es ou mesmo injusti\u00e7a na aplica\u00e7\u00e3o da sua multa.<br \/>\n&#8211;\u00a0 Na pior das hip\u00f3teses,\u00a0 mesmo com o indeferimento, ao recorrer em todas as instancia voc\u00ea ganha tempo para permanecer dirigindo, antes de ter sua carteira suspensa e consegue\u00a0 tamb\u00e9m adiar o pagamento da multa, que podem ser bastante caras tratando-se de <strong>Lei Seca<\/strong>.<br \/>\n&#8211;\u00a0 Com a possibilidade de vir a ter o direito de dirigir suspenso, n\u00e3o corra riscos: recorra com especialistas. Uma boa defesa, embasada no C\u00f3digo de Transito Brasileiro e elaborada por t\u00e9cnicos experientes, fazem toda a diferen\u00e7a em seu recurso.<br \/>\n&#8211; Reunimos t\u00e9cnicos especializados que atuam exclusivamente com recurso <strong>Lei Seca<\/strong> e em processos de cassa\u00e7\u00e3o e suspens\u00e3o de <strong>CNH.<br \/>\n<\/strong>&#8211; N\u00e3o use defesas prontas: sua defesa deve ser personalizada, embasada no c\u00f3digo e considerando seu caso espec\u00edfico.<\/p>\n<\/div><\/div>\n<p>&nbsp;<\/p>\n<p>&nbsp;<\/p>\n<table>\n<tbody>\n<tr>\n<td>\n<h6><strong>Como Ganhar O Recurso Multa?<\/strong><\/h6>\n<h6><a href=\"https:\/\/cnhsuspensarj.com.br\/recurso\/contato\/\"><strong>Fa\u00e7a Recurso Baseado Na Lei<\/strong><\/a><\/h6>\n<h6><strong>N\u00e3o Perca Prazos Ao Recorrer<\/strong><\/h6>\n<h6>Fale Conosco e D\u00ea Entrada Na Sua Defesa de Imediato, N\u00e3o Corra Risco de Perder Prazo<\/h6>\n<h6>N\u00e3o Perca Tempo, Apresentamos Sua Defesa T\u00e9cnica Pautada no C\u00f3digo de Tr\u00e2nsito Brasileiro.<\/h6>\n<\/td>\n<td>\n<h6><strong>Foi Parado Na Lei Seca RJ?<\/strong><\/h6>\n<h6><a href=\"https:\/\/cnhsuspensarj.com.br\/recurso\/contato\/\"><strong>Fazemos Sua Defesa Pr\u00e9via<\/strong><\/a><\/h6>\n<h6><strong>Recorra Antes da Notifica\u00e7\u00e3o<\/strong><\/h6>\n<h6>Elaboramos Sua Defesa Pr\u00e9via, Corrigindo Falhas e Omiss\u00f5es Ocorridas Na Sua Abordagem<\/h6>\n<h6>N\u00e3o Perca Tempo, Apresente Sua Defesa Antes Que Um Processo de Suspens\u00e3o Seja Instaurado.<\/h6>\n<\/td>\n<\/tr>\n<tr>\n<td>\n<h6><strong>Multado Na Lei Seca. E Agora?<\/strong><\/h6>\n<h6><a href=\"https:\/\/cnhsuspensarj.com.br\/recurso\/contato\/\"><strong>Somos Especialistas em Recurso<\/strong><\/a><\/h6>\n<h6><strong>Recurso CNH Suspensa Lei Seca<\/strong><\/h6>\n<h6>Atuamos Exclusivamente em Processo de CNH Suspensa Ou Cassada e Recurso Lei Seca.<\/h6>\n<h6>Temos T\u00e9cnicos Experientes e Agilidade em Despachos, Fale Conosco e Tire Suas D\u00favidas.<\/h6>\n<\/td>\n<td>\n<h6><strong>Notificado Com CNH Suspensa?<\/strong><\/h6>\n<h6><a href=\"https:\/\/cnhsuspensarj.com.br\/recurso\/contato\/\"><strong>Risco de Ter sua CNH Cassada?<\/strong><\/a><\/h6>\n<h6><strong>N\u00e3o Fique 2 Anos Sem Dirigir<\/strong><\/h6>\n<h6>Fazemos Defesa e Recurso Multas de Infra\u00e7\u00e3o autossuspensiva Ou Por Pontua\u00e7\u00e3o Excedida<\/h6>\n<h6>Recorrer \u00c9 Direito Previsto no C\u00f3digo de Tr\u00e2nsito, Recorre e Recupere Direito de Dirigir<\/h6>\n<\/td>\n<\/tr>\n<tr>\n<td>\n<h6><strong>Foi Notificado CNH Suspensa?<\/strong><\/h6>\n<h6><a href=\"https:\/\/cnhsuspensarj.com.br\/recurso\/contato\/\"><strong>Recorra Conosco Imediatamente<\/strong><\/a><\/h6>\n<h6><strong>N\u00e3o Perca Um S\u00f3 Dia No Prazo<\/strong><\/h6>\n<h6>N\u00e3o Perca Um dia Sequer de Prazo, Recorra de Imediato e Evite Ter Sua CNH Suspensa<\/h6>\n<h6>Somos Empresa Especializada em Recurso de CNH Suspensa, Cassada E Multas Lei Seca<\/h6>\n<\/td>\n<td>\n<h6><strong>Foi Notificado CNH Suspensa?<\/strong><\/h6>\n<h6><a href=\"https:\/\/cnhsuspensarj.com.br\/recurso\/contato\/\"><strong>Entre Com Recurso Imediato<\/strong><\/a><\/h6>\n<h6><strong>N\u00e3o Perca Chance de Defesa<\/strong><\/h6>\n<h6>Recorrer \u00c9 Um Direto Seu, O C\u00f3digo de Tr\u00e2nsito Brasileiro Prev\u00ea Recurso de Defesa, Recorra<\/h6>\n<h6>N\u00e3o Perca Prazos, Fa\u00e7a Sua Defesa Com Especialistas e Recupere O Seu Direito de Dirigir<\/h6>\n<\/td>\n<\/tr>\n<\/tbody>\n<\/table>\n[\/su_table]\n<p><img loading=\"lazy\" decoding=\"async\" class=\"aligncenter wp-image-501 size-large\" src=\"https:\/\/cnhsuspensarj.com.br\/recurso\/wp-content\/uploads\/2022\/06\/recorrer-multa-prf-1024x575.jpg\" alt=\"\" width=\"1024\" height=\"575\" srcset=\"https:\/\/cnhsuspensarj.com.br\/recurso\/wp-content\/uploads\/2022\/06\/recorrer-multa-prf-1024x575.jpg 1024w, https:\/\/cnhsuspensarj.com.br\/recurso\/wp-content\/uploads\/2022\/06\/recorrer-multa-prf-300x168.jpg 300w, https:\/\/cnhsuspensarj.com.br\/recurso\/wp-content\/uploads\/2022\/06\/recorrer-multa-prf-768x431.jpg 768w, https:\/\/cnhsuspensarj.com.br\/recurso\/wp-content\/uploads\/2022\/06\/recorrer-multa-prf.jpg 1400w\" sizes=\"auto, (max-width: 1024px) 100vw, 1024px\" \/><\/p>\n<p><marquee>cnh suspensa recurso, recurso cassa\u00e7\u00e3o cnh, advogado recurso de multas, recorrer lei seca, carteira de habilita\u00e7\u00e3o suspensa o que fazer, Suspens\u00e3o de Carteira de motorista, recurso multa lei seca, recorrer multa sem capacete, recurso de suspens\u00e3o do direito de dirigir, recorrer cnh suspensa, recurso de suspens\u00e3o do direito de dirigir, recorrer de multa PRF,<br \/>\nRecorrer processo suspens\u00e3o da CNH, recorrer de multa grav\u00edssima, carteira de habilita\u00e7\u00e3o suspensa o que fazer, recurso de multa lei seca rj, advogado recurso de multas, recorrer lei seca rj, recorrer multa sem capacete, recurso cassa\u00e7\u00e3o cnh, recorrer multa de lei seca rj, Suspens\u00e3o de Carteira de motorista, cnh suspensa recurso, recorrer de multa grave, Recorrer Lei Seca, Recorrer processo cassa\u00e7\u00e3o da CNH, recorrer recusa de baf\u00f4metro, recorrer lei seca, recorrer de suspens\u00e3o do direito de dirigir, Recorrer suspens\u00e3o da carteira de motorista, Recorrer suspens\u00e3o carteira de motorista, recorrer multa lei seca<\/marquee><\/p>\n","protected":false},"excerpt":{"rendered":"<p>Recusei fazer o Teste de Baf\u00f4metro na\u00a0 blitz Lei Seca. E agora? Nossa dica \u00e9 uma s\u00f3: Recorra com especialistas e reverta sua situa\u00e7\u00e3o via recurso o mais r\u00e1pido poss\u00edvel. Por que recorrer Multa Lei Seca? &#8220;Se dirigir, n\u00e3o beba.&#8221; O slogan j\u00e1 \u00e9 conhecido por todos os motoristas. Mas a opera\u00e7\u00e3o Lei Seca ainda tem alto incide de apreens\u00f5es. Talvez a maior parte dos motoristas ainda n\u00e3o tenham se familiarizado com as r\u00edgidas puni\u00e7\u00f5es para quem \u00e9 flagrado ao volante, apos ingerir qualquer quantidade de bebida. A suspens\u00e3o da CNH por at\u00e9 12 meses \u00e9 uma delas, seguida de&#8230; <\/p>\n","protected":false},"author":1,"featured_media":0,"parent":0,"menu_order":0,"comment_status":"closed","ping_status":"closed","template":"","meta":{"footnotes":"","_links_to":"","_links_to_target":""},"class_list":["post-458","page","type-page","status-publish","hentry"],"_links":{"self":[{"href":"https:\/\/cnhsuspensarj.com.br\/recurso\/wp-json\/wp\/v2\/pages\/458","targetHints":{"allow":["GET"]}}],"collection":[{"href":"https:\/\/cnhsuspensarj.com.br\/recurso\/wp-json\/wp\/v2\/pages"}],"about":[{"href":"https:\/\/cnhsuspensarj.com.br\/recurso\/wp-json\/wp\/v2\/types\/page"}],"author":[{"embeddable":true,"href":"https:\/\/cnhsuspensarj.com.br\/recurso\/wp-json\/wp\/v2\/users\/1"}],"replies":[{"embeddable":true,"href":"https:\/\/cnhsuspensarj.com.br\/recurso\/wp-json\/wp\/v2\/comments?post=458"}],"version-history":[{"count":13,"href":"https:\/\/cnhsuspensarj.com.br\/recurso\/wp-json\/wp\/v2\/pages\/458\/revisions"}],"predecessor-version":[{"id":580,"href":"https:\/\/cnhsuspensarj.com.br\/recurso\/wp-json\/wp\/v2\/pages\/458\/revisions\/580"}],"wp:attachment":[{"href":"https:\/\/cnhsuspensarj.com.br\/recurso\/wp-json\/wp\/v2\/media?parent=458"}],"curies":[{"name":"wp","href":"https:\/\/api.w.org\/{rel}","templated":true}]}}