{"id":25,"date":"2019-08-29T11:24:16","date_gmt":"2019-08-29T14:24:16","guid":{"rendered":"http:\/\/cnhsuspensarj.com.br\/recurso\/?page_id=25"},"modified":"2019-08-30T16:41:10","modified_gmt":"2019-08-30T19:41:10","slug":"parcerias","status":"publish","type":"page","link":"https:\/\/cnhsuspensarj.com.br\/recurso\/parcerias\/","title":{"rendered":"Links Recomendados"},"content":{"rendered":"<p>Links de org\u00e3os relacionados a regulamenta\u00e7\u00e3o do tr\u00e2nsito:<\/p>\n<a href=\"http:\/\/www.detran.rj.gov.br\/\" class=\"su-button su-button-style-default\" style=\"color:#FECA00;background-color:#000000;border-color:#000000;border-radius:6px\" target=\"_self\"><span style=\"color:#FECA00;padding:0px 18px;font-size:14px;line-height:28px;border-color:#4d4d4d;border-radius:6px;text-shadow:none\"> DETRAN<\/span><\/a>\n<a href=\"http:\/\/http:\/\/www.rio.rj.gov.br\/\" class=\"su-button su-button-style-default\" style=\"color:#FECA00;background-color:#000000;border-color:#000000;border-radius:6px\" target=\"_self\"><span style=\"color:#FECA00;padding:0px 18px;font-size:14px;line-height:28px;border-color:#4d4d4d;border-radius:6px;text-shadow:none\"> PREFEITURA DO RJ<\/span><\/a>\n<a href=\"https:\/\/www.prf.gov.br\/portal\/\" class=\"su-button su-button-style-default\" style=\"color:#FECA00;background-color:#000000;border-color:#000000;border-radius:6px\" target=\"_self\"><span style=\"color:#FECA00;padding:0px 18px;font-size:14px;line-height:28px;border-color:#4d4d4d;border-radius:6px;text-shadow:none\"> POL\u00cdCIA RODOVI\u00c1RIA FEDERAL<\/span><\/a>\n<a href=\"http:\/\/servicos.dnit.gov.br\/multas\/\" class=\"su-button su-button-style-default\" style=\"color:#FECA00;background-color:#000000;border-color:#000000;border-radius:6px\" target=\"_self\"><span style=\"color:#FECA00;padding:0px 18px;font-size:14px;line-height:28px;border-color:#4d4d4d;border-radius:6px;text-shadow:none\"> DNIT<\/span><\/a>\n<p>&nbsp;<\/p>\n<p>&nbsp;<\/p>\n<p>Nossos parceiros em recurso de multas:<\/p>\n<a href=\"https:\/\/inovarrecursodemulta.com.br\/recursodemulta\/\" class=\"su-button su-button-style-default\" style=\"color:#FECA00;background-color:#000000;border-color:#000000;border-radius:6px\" target=\"_self\"><span style=\"color:#FECA00;padding:0px 18px;font-size:14px;line-height:28px;border-color:#4d4d4d;border-radius:6px;text-shadow:none\"> INOVAR RECURSO DE MULTAS<\/span><\/a>\n<a href=\"https:\/\/GUArdioesdotransito.com.br\/recursodemulta\" class=\"su-button su-button-style-default\" style=\"color:#FECA00;background-color:#000000;border-color:#000000;border-radius:6px\" target=\"_self\"><span style=\"color:#FECA00;padding:0px 18px;font-size:14px;line-height:28px;border-color:#4d4d4d;border-radius:6px;text-shadow:none\"> GUARDI\u00d5ES DO TR\u00c2NSITO<\/span><\/a>\n<p>&nbsp;<\/p>\n<p>Atuamos com servi\u00e7os de recursos em processos do Detran e demais \u00f3rg\u00e3os relacionados a multas de tr\u00e2nsito.<\/p>\n<p>&nbsp;<\/p>\n<p><img loading=\"lazy\" decoding=\"async\" class=\"aligncenter wp-image-190 size-full\" src=\"https:\/\/cnhsuspensarj.com.br\/recurso\/wp-content\/uploads\/2019\/08\/ondeatuamos.png\" alt=\"Recurso de Multas\" width=\"794\" height=\"202\" srcset=\"https:\/\/cnhsuspensarj.com.br\/recurso\/wp-content\/uploads\/2019\/08\/ondeatuamos.png 794w, https:\/\/cnhsuspensarj.com.br\/recurso\/wp-content\/uploads\/2019\/08\/ondeatuamos-300x76.png 300w, https:\/\/cnhsuspensarj.com.br\/recurso\/wp-content\/uploads\/2019\/08\/ondeatuamos-768x195.png 768w\" sizes=\"auto, (max-width: 794px) 100vw, 794px\" \/><\/p>\n","protected":false},"excerpt":{"rendered":"<p>Links de org\u00e3os relacionados a regulamenta\u00e7\u00e3o do tr\u00e2nsito: &nbsp; &nbsp; Nossos parceiros em recurso de multas: &nbsp; Atuamos com servi\u00e7os de recursos em processos do Detran e demais \u00f3rg\u00e3os relacionados a multas de tr\u00e2nsito. &nbsp;<\/p>\n","protected":false},"author":1,"featured_media":0,"parent":0,"menu_order":0,"comment_status":"closed","ping_status":"closed","template":"","meta":{"footnotes":"","_links_to":"","_links_to_target":""},"class_list":["post-25","page","type-page","status-publish","hentry"],"_links":{"self":[{"href":"https:\/\/cnhsuspensarj.com.br\/recurso\/wp-json\/wp\/v2\/pages\/25","targetHints":{"allow":["GET"]}}],"collection":[{"href":"https:\/\/cnhsuspensarj.com.br\/recurso\/wp-json\/wp\/v2\/pages"}],"about":[{"href":"https:\/\/cnhsuspensarj.com.br\/recurso\/wp-json\/wp\/v2\/types\/page"}],"author":[{"embeddable":true,"href":"https:\/\/cnhsuspensarj.com.br\/recurso\/wp-json\/wp\/v2\/users\/1"}],"replies":[{"embeddable":true,"href":"https:\/\/cnhsuspensarj.com.br\/recurso\/wp-json\/wp\/v2\/comments?post=25"}],"version-history":[{"count":13,"href":"https:\/\/cnhsuspensarj.com.br\/recurso\/wp-json\/wp\/v2\/pages\/25\/revisions"}],"predecessor-version":[{"id":225,"href":"https:\/\/cnhsuspensarj.com.br\/recurso\/wp-json\/wp\/v2\/pages\/25\/revisions\/225"}],"wp:attachment":[{"href":"https:\/\/cnhsuspensarj.com.br\/recurso\/wp-json\/wp\/v2\/media?parent=25"}],"curies":[{"name":"wp","href":"https:\/\/api.w.org\/{rel}","templated":true}]}}