{"id":23,"date":"2019-08-29T11:24:09","date_gmt":"2019-08-29T14:24:09","guid":{"rendered":"http:\/\/cnhsuspensarj.com.br\/recurso\/?page_id=23"},"modified":"2023-03-15T15:31:56","modified_gmt":"2023-03-15T18:31:56","slug":"quando-recorrer-multa","status":"publish","type":"page","link":"https:\/\/cnhsuspensarj.com.br\/recurso\/quando-recorrer-multa\/","title":{"rendered":"Perguntas + Frequentes"},"content":{"rendered":"<p><strong>CNH Cassada ou Suspensa Como Recorrer?<\/strong><\/p>\n<div class=\"su-spoiler su-spoiler-style-fancy su-spoiler-icon-arrow su-spoiler-closed\" data-scroll-offset=\"0\" data-anchor-in-url=\"no\"><div class=\"su-spoiler-title\" tabindex=\"0\" role=\"button\"><span class=\"su-spoiler-icon\"><\/span>QUANDO DEVO RECORRER?<\/div><div class=\"su-spoiler-content su-u-clearfix su-u-trim\">\n<p>Muitas vezes, no ato de aplica\u00e7\u00e3o da multa, pode haver omiss\u00f5es ou falhas, tanto na aplica\u00e7\u00e3o, quanto na notifica\u00e7\u00e3o, tornando a multa injusta, seja na sua aplica\u00e7\u00e3o quando na puni\u00e7\u00e3o.<br \/>\nRecorra sempre que for multado, dentro dos prazos, evitando assim acumular pontos excedentes em sua <strong>CNH<\/strong>, principalmente em caso de multas graves e grav\u00edssimas.<br \/>\nEnt\u00e3o, quando recorrer?<br \/>\nAntes de mais nada fique atento aos prazos: observe atentamente a data da autua\u00e7\u00e3o, combinada \u00e0 data de envio da notifica\u00e7\u00e3o da multa e a data prevista para entrada do recurso. Na d\u00favida, fale com nossos analistas!<\/p>\n<\/div><\/div>\n<div class=\"su-spoiler su-spoiler-style-fancy su-spoiler-icon-arrow su-spoiler-closed\" data-scroll-offset=\"0\" data-anchor-in-url=\"no\"><div class=\"su-spoiler-title\" tabindex=\"0\" role=\"button\"><span class=\"su-spoiler-icon\"><\/span>POR QUE RECORRER?<\/div><div class=\"su-spoiler-content su-u-clearfix su-u-trim\">\n<p>\u00c9 facultado ao motorista recorrer de qualquer multa. As vezes, pautado em um valor pequeno, o motorista n\u00e3o recorre, sem considerar que cada multa, por menor que seja, acumula pontos em sua <strong>CNH<\/strong>.<br \/>\nE, caso acumule mais de 19 pontos em um per\u00edodo de 12 meses, por infra\u00e7\u00f5es simples poder\u00e1 ser suspenso de 6 a 13 meses.<br \/>\nPor isso, aten\u00e7\u00e3o no transito. Foi multado? Recorra sempre!<\/p>\n<\/div><\/div>\n<div class=\"su-spoiler su-spoiler-style-fancy su-spoiler-icon-arrow su-spoiler-closed\" data-scroll-offset=\"0\" data-anchor-in-url=\"no\"><div class=\"su-spoiler-title\" tabindex=\"0\" role=\"button\"><span class=\"su-spoiler-icon\"><\/span>COMO ELABORAR UM RECURSO DE MULTA?<\/div><div class=\"su-spoiler-content su-u-clearfix su-u-trim\">\n<p>Quanto mais t\u00e9cnico e embasado no <strong>C\u00f3digo de Transito Brasileiro<\/strong>, melhor. Alem disso deve ser precedido de an\u00e1lise minunciosa de possiveis falhas ou omiss\u00e3o tanto na abordagem, aplica\u00e7\u00e3o ou notifica\u00e7\u00e3o da multa.<br \/>\nMas sabe qual a melhor dica?<br \/>\nN\u00e3o corra riscos: fa\u00e7a o seu recurso com uma empresa especializada, conte conosco!<br \/>\nTemos os menores prazos do RJ, porque trabalhamos exclusivamente com multas Lei Seca e processo de suspens\u00e3o ou cassa\u00e7\u00e3o de CNH.<\/p>\n<\/div><\/div>\n<div class=\"su-spoiler su-spoiler-style-fancy su-spoiler-icon-arrow su-spoiler-closed\" data-scroll-offset=\"0\" data-anchor-in-url=\"no\"><div class=\"su-spoiler-title\" tabindex=\"0\" role=\"button\"><span class=\"su-spoiler-icon\"><\/span>FUI MULTADO NA LEI SECA. TENHO CHANCE NO RECURSO ?<\/div><div class=\"su-spoiler-content su-u-clearfix su-u-trim\">\n<p>Muitos clientes nos perguntam: tenho chances em um recurso de multa na Lei Seca?<br \/>\nN\u00f3s respondemos: sim. O <strong>C\u00f3digo de Transito Brasileiro<\/strong> prev\u00ea, em qualquer penalidade, direito a recurso, visando corrigir omiss\u00e3o, falha na abordagem e at\u00e9 mesmo penalidade injusta na aplica\u00e7\u00e3o da multa.<br \/>\nNossa equipe tem o maior \u00edndice de exito em recurso de Lei Seca. Fale com nossos atendentes e saiba mais.<\/p>\n<hr \/>\n<\/div><\/div>\n<div class=\"su-spoiler su-spoiler-style-fancy su-spoiler-icon-arrow su-spoiler-closed\" data-scroll-offset=\"0\" data-anchor-in-url=\"no\"><div class=\"su-spoiler-title\" tabindex=\"0\" role=\"button\"><span class=\"su-spoiler-icon\"><\/span>QUAL A DIFEREN\u00c7A ENTRE CASSA\u00c7\u00c3O E SUSPENS\u00c3O?<\/div><div class=\"su-spoiler-content su-u-clearfix su-u-trim\">\n<p>D\u00favida muito comum entre condutores, \u00e9 importante frisas que CNH suspensa e CNH cassada s\u00e3o duas penalidades diferentes.<br \/>\nApesar de ambas retirarem do condutor o direito de dirigir, Suspens\u00e3o e Cassa\u00e7\u00e3o s\u00e3o penalidades distintas.<br \/>\nBasicamente se poderia dizer que:<br \/>\n&#8211; No caso da Suspens\u00e3o da CNH,\u00a0 se perde o direito tempor\u00e1rio de dirigir e de portar a CNH por um determinado tempo<br \/>\n&#8211; No caso de Cassa\u00e7\u00e3o da CNH, se perde tanto o direito de dirigir e se perde a concess\u00e3o da CNH, obrigando o condutor, apos 2 anos, a ter que fazer todos os procedimento pr\u00e1ticos e te\u00f3ricos para ter direito de vir a portar novamente a CNH e o respectivo direito de dirigir.<\/p>\n<\/div><\/div>\n<div class=\"su-note\"  style=\"border-color:#d6d6d6;border-radius:3px;-moz-border-radius:3px;-webkit-border-radius:3px;\"><div class=\"su-note-inner su-u-clearfix su-u-trim\" style=\"background-color:#F0F0F0;border-color:#ffffff;color:#333333;border-radius:3px;-moz-border-radius:3px;-webkit-border-radius:3px;\">\n<p><strong>N\u00e3o corra riscos: fa\u00e7a o seu recurso com uma empresa especializada! <\/strong><br \/>\n<strong>Clique <a href=\"https:\/\/cnhsuspensarj.com.br\/recurso\/contato\/\">aqui<\/a> e solicite or\u00e7amento de recurso. <\/strong><br \/>\n<strong>Temos os menores prazos e prazos do RJ, porque trabalhamos exclusivamente com Recurso Lei Seca e Processo de Suspens\u00e3o e Cassa\u00e7\u00e3o de CNH.<\/strong><\/p>\n<\/div><\/div>\n<p>&nbsp;<\/p>\n<div class=\"su-table su-table-alternate\">\n<table>\n<tbody>\n<tr>\n<td>Recorrer Lei Seca<\/td>\n<td><a href=\"https:\/\/api.whatsapp.com\/send?phone=5521972909536&#038;text=Ola%2C%20gostaria%20de%20um%20or%C3%A7amento%20Sem%20Compromisso%20de%20Recurso%20de%20Multa%20Lei%20Seca\" class=\"su-button su-button-style-default\" style=\"color:#ffffff;background-color:#2EC750;border-color:#25a040;border-radius:5px\" target=\"_blank\" rel=\"noopener noreferrer\"><span style=\"color:#ffffff;padding:6px 16px;font-size:13px;line-height:20px;border-color:#6dd885;border-radius:5px\"><i class=\"sui sui-whatsapp\" style=\"font-size:13px;color:#FFFFFF\"><\/i> (21) 97290-9536<\/span><\/a><\/td>\n<\/tr>\n<tr>\n<td>Recorrer CNH Suspensa<\/td>\n<td><a href=\"https:\/\/api.whatsapp.com\/send?phone=5521972909536&#038;text=Ola%2C%20gostaria%20de%20um%20or%C3%A7amento%20Sem%20Compromisso%20de%20Recurso%20de%20CNH%20Suspensa\" class=\"su-button su-button-style-default\" style=\"color:#ffffff;background-color:#2EC750;border-color:#25a040;border-radius:5px\" target=\"_blank\" rel=\"noopener noreferrer\"><span style=\"color:#ffffff;padding:6px 16px;font-size:13px;line-height:20px;border-color:#6dd885;border-radius:5px\"><i class=\"sui sui-whatsapp\" style=\"font-size:13px;color:#FFFFFF\"><\/i> (21) 97290-9536<\/span><\/a><\/td>\n<\/tr>\n<tr>\n<td>Recorrer CNH Cassada<\/td>\n<td><a href=\"https:\/\/api.whatsapp.com\/send?phone=5521972909536&#038;text=Ola%2C%20gostaria%20de%20um%20or%C3%A7amento%20Sem%20Compromisso%20de%20Recurso%20de%20CNH%20Cassada\" class=\"su-button su-button-style-default\" style=\"color:#ffffff;background-color:#2EC750;border-color:#25a040;border-radius:5px\" target=\"_blank\" rel=\"noopener noreferrer\"><span style=\"color:#ffffff;padding:6px 16px;font-size:13px;line-height:20px;border-color:#6dd885;border-radius:5px\"><i class=\"sui sui-whatsapp\" style=\"font-size:13px;color:#FFFFFF\"><\/i> (21) 97290-9536<\/span><\/a><\/td>\n<\/tr>\n<tr>\n<td>Multas de Tr\u00e2nsito<\/td>\n<td><a href=\"https:\/\/api.whatsapp.com\/send?phone=5521972909536&#038;text=Ola%2C%20gostaria%20de%20um%20or%C3%A7amento%20Sem%20Compromisso%20de%20Recurso%20de%20Multa%20de%20Transito\" class=\"su-button su-button-style-default\" style=\"color:#ffffff;background-color:#2EC750;border-color:#25a040;border-radius:5px\" target=\"_blank\" rel=\"noopener noreferrer\"><span style=\"color:#ffffff;padding:6px 16px;font-size:13px;line-height:20px;border-color:#6dd885;border-radius:5px\"><i class=\"sui sui-whatsapp\" style=\"font-size:13px;color:#FFFFFF\"><\/i> (21) 97290-9536<\/span><\/a><\/td>\n<\/tr>\n<tr>\n<td>Troca Real Infrator<\/td>\n<td><a href=\"https:\/\/api.whatsapp.com\/send?phone=5521972909536&#038;text=Ola%2C%20gostaria%20de%20um%20or%C3%A7amento%20Sem%20Compromisso%20de%20Recurso%20de%20Troca%20Real%20Infrator\" class=\"su-button su-button-style-default\" style=\"color:#ffffff;background-color:#2EC750;border-color:#25a040;border-radius:5px\" target=\"_blank\" rel=\"noopener noreferrer\"><span style=\"color:#ffffff;padding:6px 16px;font-size:13px;line-height:20px;border-color:#6dd885;border-radius:5px\"><i class=\"sui sui-whatsapp\" style=\"font-size:13px;color:#FFFFFF\"><\/i> (21) 97290-9536<\/span><\/a><\/td>\n<\/tr>\n<tr>\n<td>Multas Mandat\u00f3rias<\/td>\n<td><a href=\"https:\/\/api.whatsapp.com\/send?phone=5521972909536&#038;text=Ola%2C%20gostaria%20de%20um%20or%C3%A7amento%20Sem%20Compromisso%20de%20Recurso%20de%20Multas%20Mandat\u00e1rias%20Recebidas\" class=\"su-button su-button-style-default\" style=\"color:#ffffff;background-color:#2EC750;border-color:#25a040;border-radius:5px\" target=\"_blank\" rel=\"noopener noreferrer\"><span style=\"color:#ffffff;padding:6px 16px;font-size:13px;line-height:20px;border-color:#6dd885;border-radius:5px\"><i class=\"sui sui-whatsapp\" style=\"font-size:13px;color:#FFFFFF\"><\/i> (21) 97290-9536<\/span><\/a><\/td>\n<\/tr>\n<tr>\n<td>Transfer\u00eancia de Responsabilidade<\/td>\n<td><a href=\"https:\/\/api.whatsapp.com\/send?phone=5521972909536&#038;text=Ola%2C%20gostaria%20de%20um%20or%C3%A7amento%20Sem%20Compromisso%20de%20Recurso%20de%20Transferencia%20de%20Responsabilidade\" class=\"su-button su-button-style-default\" style=\"color:#ffffff;background-color:#2EC750;border-color:#25a040;border-radius:5px\" target=\"_blank\" rel=\"noopener noreferrer\"><span style=\"color:#ffffff;padding:6px 16px;font-size:13px;line-height:20px;border-color:#6dd885;border-radius:5px\"><i class=\"sui sui-whatsapp\" style=\"font-size:13px;color:#FFFFFF\"><\/i> (21) 97290-9536<\/span><\/a><\/td>\n<\/tr>\n<tr>\n<td>Multa em CNH Provis\u00f3ria<\/td>\n<td><a href=\"https:\/\/api.whatsapp.com\/send?phone=5521972909536&#038;text=Ola%2C%20gostaria%20de%20um%20or%C3%A7amento%20Sem%20Compromisso%20de%20Recurso%20de%20Multa%20CNH%20Provis\u00f3ria\" class=\"su-button su-button-style-default\" style=\"color:#ffffff;background-color:#2EC750;border-color:#25a040;border-radius:5px\" target=\"_blank\" rel=\"noopener noreferrer\"><span style=\"color:#ffffff;padding:6px 16px;font-size:13px;line-height:20px;border-color:#6dd885;border-radius:5px\"><i class=\"sui sui-whatsapp\" style=\"font-size:13px;color:#FFFFFF\"><\/i> (21) 97290-9536<\/span><\/a><\/td>\n<\/tr>\n<tr>\n<td>Outras Multas ou Situa\u00e7\u00f5es<\/td>\n<td><a href=\"https:\/\/api.whatsapp.com\/send?phone=5521972909536&#038;text=Ola%2C%20gostaria%20de%20um%20or%C3%A7amento%20Sem%20Compromisso%20de%20Recurso%20de%20Multas%20Diversas\" class=\"su-button su-button-style-default\" style=\"color:#ffffff;background-color:#2EC750;border-color:#25a040;border-radius:5px\" target=\"_blank\" rel=\"noopener noreferrer\"><span style=\"color:#ffffff;padding:6px 16px;font-size:13px;line-height:20px;border-color:#6dd885;border-radius:5px\"><i class=\"sui sui-whatsapp\" style=\"font-size:13px;color:#FFFFFF\"><\/i> (21) 97290-9536<\/span><\/a><\/td>\n<\/tr>\n<\/tbody>\n<\/table>\n<\/div>\n<p>&nbsp;<\/p>\n<a href=\"https:\/\/cnhsuspensarj.com.br\/recurso\/contato\" class=\"su-button su-button-style-default\" style=\"color:#000000;background-color:#FECA00;border-color:#cca200;border-radius:6px\" target=\"_self\"><span style=\"color:#000000;padding:0px 18px;font-size:14px;line-height:28px;border-color:#ffda4d;border-radius:6px;text-shadow:none\"> RECORRER CNH SUSPENSA<\/span><\/a> <a href=\"https:\/\/cnhsuspensarj.com.br\/recurso\/contato\" class=\"su-button su-button-style-default\" style=\"color:#000000;background-color:#FECA00;border-color:#cca200;border-radius:6px\" target=\"_self\"><span style=\"color:#000000;padding:0px 18px;font-size:14px;line-height:28px;border-color:#ffda4d;border-radius:6px;text-shadow:none\"> RECORRER CNH CASSADA <\/span><\/a> <a href=\"https:\/\/cnhsuspensarj.com.br\/recurso\/contato\" class=\"su-button su-button-style-default\" style=\"color:#000000;background-color:#FECA00;border-color:#cca200;border-radius:6px\" target=\"_self\"><span style=\"color:#000000;padding:0px 18px;font-size:14px;line-height:28px;border-color:#ffda4d;border-radius:6px;text-shadow:none\"> RECORRER LEI SECA<\/span><\/a>\n<p>&nbsp;<\/p>\n<p><img loading=\"lazy\" decoding=\"async\" class=\"aligncenter wp-image-531 size-large\" src=\"https:\/\/cnhsuspensarj.com.br\/recurso\/wp-content\/uploads\/2022\/06\/slider-1024x575.jpg\" alt=\"Recorrer lei seca RJ\" width=\"1024\" height=\"575\" srcset=\"https:\/\/cnhsuspensarj.com.br\/recurso\/wp-content\/uploads\/2022\/06\/slider-1024x575.jpg 1024w, https:\/\/cnhsuspensarj.com.br\/recurso\/wp-content\/uploads\/2022\/06\/slider-300x168.jpg 300w, https:\/\/cnhsuspensarj.com.br\/recurso\/wp-content\/uploads\/2022\/06\/slider-768x431.jpg 768w, https:\/\/cnhsuspensarj.com.br\/recurso\/wp-content\/uploads\/2022\/06\/slider.jpg 1400w\" sizes=\"auto, (max-width: 1024px) 100vw, 1024px\" \/><\/p>\n","protected":false},"excerpt":{"rendered":"<p>CNH Cassada ou Suspensa Como Recorrer? &nbsp; &nbsp; &nbsp;<\/p>\n","protected":false},"author":1,"featured_media":0,"parent":0,"menu_order":0,"comment_status":"closed","ping_status":"closed","template":"","meta":{"footnotes":"","_links_to":"","_links_to_target":""},"class_list":["post-23","page","type-page","status-publish","hentry"],"_links":{"self":[{"href":"https:\/\/cnhsuspensarj.com.br\/recurso\/wp-json\/wp\/v2\/pages\/23","targetHints":{"allow":["GET"]}}],"collection":[{"href":"https:\/\/cnhsuspensarj.com.br\/recurso\/wp-json\/wp\/v2\/pages"}],"about":[{"href":"https:\/\/cnhsuspensarj.com.br\/recurso\/wp-json\/wp\/v2\/types\/page"}],"author":[{"embeddable":true,"href":"https:\/\/cnhsuspensarj.com.br\/recurso\/wp-json\/wp\/v2\/users\/1"}],"replies":[{"embeddable":true,"href":"https:\/\/cnhsuspensarj.com.br\/recurso\/wp-json\/wp\/v2\/comments?post=23"}],"version-history":[{"count":63,"href":"https:\/\/cnhsuspensarj.com.br\/recurso\/wp-json\/wp\/v2\/pages\/23\/revisions"}],"predecessor-version":[{"id":589,"href":"https:\/\/cnhsuspensarj.com.br\/recurso\/wp-json\/wp\/v2\/pages\/23\/revisions\/589"}],"wp:attachment":[{"href":"https:\/\/cnhsuspensarj.com.br\/recurso\/wp-json\/wp\/v2\/media?parent=23"}],"curies":[{"name":"wp","href":"https:\/\/api.w.org\/{rel}","templated":true}]}}