{"id":19,"date":"2019-08-29T11:23:38","date_gmt":"2019-08-29T14:23:38","guid":{"rendered":"http:\/\/cnhsuspensarj.com.br\/recurso\/?page_id=19"},"modified":"2023-03-15T15:24:32","modified_gmt":"2023-03-15T18:24:32","slug":"nossos-diferenciais","status":"publish","type":"page","link":"https:\/\/cnhsuspensarj.com.br\/recurso\/nossos-diferenciais\/","title":{"rendered":"Nossos Diferenciais"},"content":{"rendered":"<p>Somos uma empresa atuando no Rio de Janeiro <strong>com servi\u00e7os exclusivos de recurso em processos de CNH cassada ou suspensa<\/strong> e em\u00a0 <strong>recurso de multa Lei Seca<\/strong>.<br \/>\nCom grande experi\u00eancia, atendemos demandas espec\u00edficas de motoristas que se veem na imin\u00eancia de perda ou necessitem recuperar sua CNH.<br \/>\nCom os menores prazos do RJ, atendemos motoristas de todo o Estado.<br \/>\nConte conosco e recorra de sua multa com t\u00e9cnicos experientes e especializados!<\/p>\n<h2><strong>Por que escolher nossa empresa?<\/strong><\/h2>\n<div class=\"su-table su-table-alternate\">\n<table>\n<tbody>\n<tr>\n<td><strong>T\u00e9cnicos especializados<br \/>\n<\/strong>Dispomos de suporte jur\u00eddico e equipe t\u00e9cnica experiente e com conhecimento C\u00f3digo de Tr\u00e2nsito Brasileiro.<strong><br \/>\n<\/strong><\/td>\n<\/tr>\n<tr>\n<td><strong>Atua\u00e7\u00e3o exclusiva com Lei Seca, CNH Suspensa ou Cassada<\/strong><br \/>\nAtuamos exclusivamente em recurso Lei Seca e processos de suspens\u00e3o e cassa\u00e7\u00e3o da CNH.<strong><br \/>\n<\/strong><\/td>\n<\/tr>\n<tr>\n<td><strong>Atendimento completo<br \/>\n<\/strong>Nossos servi\u00e7os incluem an\u00e1lise pr\u00e9via, elabora\u00e7\u00e3o de recurso, protocolo, acompanhamento e defesas.<strong><br \/>\n<\/strong><\/td>\n<\/tr>\n<tr>\n<td><strong>An\u00e1lise pr\u00e9via sem custo<\/strong><br \/>\nFornecemos an\u00e1lise e estudo de chances de \u00eaxito de seu recurso antes de formalizar o pedido do recurso.<strong><br \/>\n<\/strong><\/td>\n<\/tr>\n<tr>\n<td><strong>Condi\u00e7\u00f5es especiais para motoristas profissionais e frotas<br \/>\n<\/strong>Condi\u00e7\u00f5es de pagamento especiais para taxistas, motoristas de aplicativos, motoristas de caminh\u00e3o e frotas.<strong><br \/>\n<\/strong><\/td>\n<\/tr>\n<\/tbody>\n<\/table>\n<\/div>\n<p style=\"text-align: left;\"><a href=\"https:\/\/api.whatsapp.com\/send?phone=5521972909536&#038;text=Ola%2C%20estou%20no%20site%20da%20CNH%20SUSPENSA%20e%20%20gostaria%20de%20um%20or%C3%A7amento%20Sem%20Compromisso\" class=\"su-button su-button-style-default\" style=\"color:#ffffff;background-color:#2EC750;border-color:#25a040;border-radius:5px\" target=\"_blank\" rel=\"noopener noreferrer\"><span style=\"color:#ffffff;padding:6px 16px;font-size:13px;line-height:20px;border-color:#6dd885;border-radius:5px;text-shadow:none\"><i class=\"sui sui-whatsapp\" style=\"font-size:13px;color:#FFFFFF\"><\/i> Recorra agora mesmo<\/span><\/a>\n<p><img loading=\"lazy\" decoding=\"async\" class=\"alignleft wp-image-543 size-large\" title=\"RECORRER CNH SUSPENSA\" src=\"https:\/\/cnhsuspensarj.com.br\/recurso\/wp-content\/uploads\/2022\/06\/recorrer-multa-1-1024x575.jpg\" alt=\"RECORRER CNH SUSPENSA\" width=\"1024\" height=\"575\" srcset=\"https:\/\/cnhsuspensarj.com.br\/recurso\/wp-content\/uploads\/2022\/06\/recorrer-multa-1-1024x575.jpg 1024w, https:\/\/cnhsuspensarj.com.br\/recurso\/wp-content\/uploads\/2022\/06\/recorrer-multa-1-300x168.jpg 300w, https:\/\/cnhsuspensarj.com.br\/recurso\/wp-content\/uploads\/2022\/06\/recorrer-multa-1-768x431.jpg 768w, https:\/\/cnhsuspensarj.com.br\/recurso\/wp-content\/uploads\/2022\/06\/recorrer-multa-1.jpg 1400w\" sizes=\"auto, (max-width: 1024px) 100vw, 1024px\" \/><\/p>\n<p>&nbsp;<\/p>\n","protected":false},"excerpt":{"rendered":"<p>Somos uma empresa atuando no Rio de Janeiro com servi\u00e7os exclusivos de recurso em processos de CNH cassada ou suspensa e em\u00a0 recurso de multa Lei Seca. Com grande experi\u00eancia, atendemos demandas espec\u00edficas de motoristas que se veem na imin\u00eancia de perda ou necessitem recuperar sua CNH. Com os menores prazos do RJ, atendemos motoristas de todo o Estado. Conte conosco e recorra de sua multa com t\u00e9cnicos experientes e especializados! Por que escolher nossa empresa? &nbsp;<\/p>\n","protected":false},"author":1,"featured_media":0,"parent":0,"menu_order":0,"comment_status":"closed","ping_status":"closed","template":"","meta":{"footnotes":"","_links_to":"","_links_to_target":""},"class_list":["post-19","page","type-page","status-publish","hentry"],"_links":{"self":[{"href":"https:\/\/cnhsuspensarj.com.br\/recurso\/wp-json\/wp\/v2\/pages\/19","targetHints":{"allow":["GET"]}}],"collection":[{"href":"https:\/\/cnhsuspensarj.com.br\/recurso\/wp-json\/wp\/v2\/pages"}],"about":[{"href":"https:\/\/cnhsuspensarj.com.br\/recurso\/wp-json\/wp\/v2\/types\/page"}],"author":[{"embeddable":true,"href":"https:\/\/cnhsuspensarj.com.br\/recurso\/wp-json\/wp\/v2\/users\/1"}],"replies":[{"embeddable":true,"href":"https:\/\/cnhsuspensarj.com.br\/recurso\/wp-json\/wp\/v2\/comments?post=19"}],"version-history":[{"count":29,"href":"https:\/\/cnhsuspensarj.com.br\/recurso\/wp-json\/wp\/v2\/pages\/19\/revisions"}],"predecessor-version":[{"id":585,"href":"https:\/\/cnhsuspensarj.com.br\/recurso\/wp-json\/wp\/v2\/pages\/19\/revisions\/585"}],"wp:attachment":[{"href":"https:\/\/cnhsuspensarj.com.br\/recurso\/wp-json\/wp\/v2\/media?parent=19"}],"curies":[{"name":"wp","href":"https:\/\/api.w.org\/{rel}","templated":true}]}}